{"id":36,"date":"2020-01-21T11:23:11","date_gmt":"2020-01-21T10:23:11","guid":{"rendered":"http:\/\/aux-gouts-des-saisons.fr\/InstallSite\/?page_id=36"},"modified":"2025-10-15T17:00:29","modified_gmt":"2025-10-15T15:00:29","slug":"location_vaisselle","status":"publish","type":"page","link":"https:\/\/aux-gouts-des-saisons.fr\/index.php\/location_vaisselle\/","title":{"rendered":"Location Vaisselle"},"content":{"rendered":"\n<hr class=\"wp-block-separator has-css-opacity\"\/>\n\n\n\n<div style=\"height:50px\" aria-hidden=\"true\" class=\"wp-block-spacer\"><\/div>\n\n\n\n<div class=\"wp-block-columns is-layout-flex wp-container-core-columns-is-layout-9d6595d7 wp-block-columns-is-layout-flex\">\n<div class=\"wp-block-column is-layout-flow wp-block-column-is-layout-flow\">\n<p>Pour faire de vos \u00e9v\u00e8nements un moment inoubliable, pensez \u00e0 nous r\u00e9server la vaisselle pour embellir vos tables. Retrouvez toutes nos informations sur notre flyer \u00e0 t\u00e9l\u00e9charger. A savoir : pour toute location de vaisselle, le devis sera r\u00e9alis\u00e9 au nom de l&rsquo;entreprise \u00ab\u00a0A table, A table, A table\u00a0\u00bb.<\/p>\n\n\n\n<p><\/p>\n\n\n\n<p><\/p>\n<\/div>\n<\/div>\n\n\n\n<div class=\"wp-block-media-text alignwide has-media-on-the-right is-stacked-on-mobile\" style=\"grid-template-columns:auto 31%\"><div class=\"wp-block-media-text__content\">\n<p><strong>Retrouvez aussi mon flyer en version pdf<\/strong> :<\/p>\n\n\n\n<div class=\"wp-block-buttons is-layout-flex wp-block-buttons-is-layout-flex\">\n<div class=\"wp-block-button is-style-fill\"><a class=\"wp-block-button__link has-white-color has-light-green-cyan-to-vivid-green-cyan-gradient-background has-text-color has-background wp-element-button\" href=\"https:\/\/aux-gouts-des-saisons.fr\/wp-content\/uploads\/2025\/10\/2025-A-table-a-table-Flyer-vaisselle.pdf\" style=\"border-radius:7px\" target=\"_blank\" rel=\"noreferrer noopener\">T\u00e9l\u00e9charger le flyer<\/a><\/div>\n<\/div>\n<\/div><figure class=\"wp-block-media-text__media\"><img loading=\"lazy\" decoding=\"async\" width=\"1024\" height=\"576\" src=\"https:\/\/aux-gouts-des-saisons.fr\/wp-content\/uploads\/2025\/05\/Logo-Francoise-vaisselle-1024x576.png\" alt=\"\" class=\"wp-image-1260 size-full\" srcset=\"https:\/\/aux-gouts-des-saisons.fr\/wp-content\/uploads\/2025\/05\/Logo-Francoise-vaisselle-1024x576.png 1024w, https:\/\/aux-gouts-des-saisons.fr\/wp-content\/uploads\/2025\/05\/Logo-Francoise-vaisselle-300x169.png 300w, https:\/\/aux-gouts-des-saisons.fr\/wp-content\/uploads\/2025\/05\/Logo-Francoise-vaisselle-768x432.png 768w, https:\/\/aux-gouts-des-saisons.fr\/wp-content\/uploads\/2025\/05\/Logo-Francoise-vaisselle-1140x641.png 1140w, https:\/\/aux-gouts-des-saisons.fr\/wp-content\/uploads\/2025\/05\/Logo-Francoise-vaisselle.png 1366w\" sizes=\"auto, (max-width: 1024px) 100vw, 1024px\" \/><\/figure><\/div>\n\n\n\n<div style=\"height:50px\" aria-hidden=\"true\" class=\"wp-block-spacer\"><\/div>\n\n\n\n<div style=\"height:50px\" aria-hidden=\"true\" class=\"wp-block-spacer\"><\/div>\n\n\n\n<p><\/p>\n","protected":false},"excerpt":{"rendered":"<p>Pour faire de vos \u00e9v\u00e8nements un moment inoubliable, pensez \u00e0 nous r\u00e9server la vaisselle pour embellir vos tables. Retrouvez toutes nos informations sur notre flyer \u00e0 t\u00e9l\u00e9charger. A savoir : pour toute location de vaisselle, le devis sera r\u00e9alis\u00e9 au nom de l&rsquo;entreprise \u00ab\u00a0A table, A table, A table\u00a0\u00bb.<\/p>\n","protected":false},"author":1,"featured_media":0,"parent":0,"menu_order":0,"comment_status":"closed","ping_status":"closed","template":"","meta":{"_themeisle_gutenberg_block_has_review":false,"footnotes":""},"class_list":["post-36","page","type-page","status-publish","hentry"],"yoast_head":"<!-- This site is optimized with the Yoast SEO plugin v22.5 - https:\/\/yoast.com\/wordpress\/plugins\/seo\/ -->\n<title>Location Vaisselle - Aux Go\u00fbts Des Saisons<\/title>\n<meta name=\"robots\" content=\"index, follow, max-snippet:-1, max-image-preview:large, max-video-preview:-1\" \/>\n<link rel=\"canonical\" href=\"https:\/\/aux-gouts-des-saisons.fr\/index.php\/location_vaisselle\/\" \/>\n<meta property=\"og:locale\" content=\"fr_FR\" \/>\n<meta property=\"og:type\" content=\"article\" \/>\n<meta property=\"og:title\" content=\"Location Vaisselle - Aux Go\u00fbts Des Saisons\" \/>\n<meta property=\"og:description\" content=\"Pour faire de vos \u00e9v\u00e8nements un moment inoubliable, pensez \u00e0 nous r\u00e9server la vaisselle pour embellir vos tables. Retrouvez toutes nos informations sur notre flyer \u00e0 t\u00e9l\u00e9charger. A savoir : pour toute location de vaisselle, le devis sera r\u00e9alis\u00e9 au nom de l&rsquo;entreprise \u00ab\u00a0A table, A table, A table\u00a0\u00bb.\" \/>\n<meta property=\"og:url\" content=\"https:\/\/aux-gouts-des-saisons.fr\/index.php\/location_vaisselle\/\" \/>\n<meta property=\"og:site_name\" content=\"Aux Go\u00fbts Des Saisons\" \/>\n<meta property=\"article:publisher\" content=\"https:\/\/www.facebook.com\/profile.php?id=100049409084156\" \/>\n<meta property=\"article:modified_time\" content=\"2025-10-15T15:00:29+00:00\" \/>\n<meta property=\"og:image\" content=\"https:\/\/aux-gouts-des-saisons.fr\/wp-content\/uploads\/2025\/05\/Logo-Francoise-vaisselle-1024x576.png\" \/>\n<meta name=\"twitter:card\" content=\"summary_large_image\" \/>\n<meta name=\"twitter:label1\" content=\"Dur\u00e9e de lecture estim\u00e9e\" \/>\n\t<meta name=\"twitter:data1\" content=\"1 minute\" \/>\n<script type=\"application\/ld+json\" class=\"yoast-schema-graph\">{\"@context\":\"https:\/\/schema.org\",\"@graph\":[{\"@type\":\"WebPage\",\"@id\":\"https:\/\/aux-gouts-des-saisons.fr\/index.php\/location_vaisselle\/\",\"url\":\"https:\/\/aux-gouts-des-saisons.fr\/index.php\/location_vaisselle\/\",\"name\":\"Location Vaisselle - Aux Go\u00fbts Des Saisons\",\"isPartOf\":{\"@id\":\"https:\/\/aux-gouts-des-saisons.fr\/#website\"},\"primaryImageOfPage\":{\"@id\":\"https:\/\/aux-gouts-des-saisons.fr\/index.php\/location_vaisselle\/#primaryimage\"},\"image\":{\"@id\":\"https:\/\/aux-gouts-des-saisons.fr\/index.php\/location_vaisselle\/#primaryimage\"},\"thumbnailUrl\":\"https:\/\/aux-gouts-des-saisons.fr\/wp-content\/uploads\/2025\/05\/Logo-Francoise-vaisselle-1024x576.png\",\"datePublished\":\"2020-01-21T10:23:11+00:00\",\"dateModified\":\"2025-10-15T15:00:29+00:00\",\"breadcrumb\":{\"@id\":\"https:\/\/aux-gouts-des-saisons.fr\/index.php\/location_vaisselle\/#breadcrumb\"},\"inLanguage\":\"fr-FR\",\"potentialAction\":[{\"@type\":\"ReadAction\",\"target\":[\"https:\/\/aux-gouts-des-saisons.fr\/index.php\/location_vaisselle\/\"]}]},{\"@type\":\"ImageObject\",\"inLanguage\":\"fr-FR\",\"@id\":\"https:\/\/aux-gouts-des-saisons.fr\/index.php\/location_vaisselle\/#primaryimage\",\"url\":\"https:\/\/aux-gouts-des-saisons.fr\/wp-content\/uploads\/2025\/05\/Logo-Francoise-vaisselle.png\",\"contentUrl\":\"https:\/\/aux-gouts-des-saisons.fr\/wp-content\/uploads\/2025\/05\/Logo-Francoise-vaisselle.png\",\"width\":1366,\"height\":768},{\"@type\":\"BreadcrumbList\",\"@id\":\"https:\/\/aux-gouts-des-saisons.fr\/index.php\/location_vaisselle\/#breadcrumb\",\"itemListElement\":[{\"@type\":\"ListItem\",\"position\":1,\"name\":\"Accueil\",\"item\":\"https:\/\/aux-gouts-des-saisons.fr\/\"},{\"@type\":\"ListItem\",\"position\":2,\"name\":\"Location Vaisselle\"}]},{\"@type\":\"WebSite\",\"@id\":\"https:\/\/aux-gouts-des-saisons.fr\/#website\",\"url\":\"https:\/\/aux-gouts-des-saisons.fr\/\",\"name\":\"Aux Go\u00fbts Des Saisons\",\"description\":\"\",\"publisher\":{\"@id\":\"https:\/\/aux-gouts-des-saisons.fr\/#organization\"},\"potentialAction\":[{\"@type\":\"SearchAction\",\"target\":{\"@type\":\"EntryPoint\",\"urlTemplate\":\"https:\/\/aux-gouts-des-saisons.fr\/?s={search_term_string}\"},\"query-input\":\"required name=search_term_string\"}],\"inLanguage\":\"fr-FR\"},{\"@type\":\"Organization\",\"@id\":\"https:\/\/aux-gouts-des-saisons.fr\/#organization\",\"name\":\"Aux Go\u00fbts Des Saisons\",\"url\":\"https:\/\/aux-gouts-des-saisons.fr\/\",\"logo\":{\"@type\":\"ImageObject\",\"inLanguage\":\"fr-FR\",\"@id\":\"https:\/\/aux-gouts-des-saisons.fr\/#\/schema\/logo\/image\/\",\"url\":\"http:\/\/aux-gouts-des-saisons.fr\/wp-content\/uploads\/2020\/02\/Logo-Cyril-Final.png\",\"contentUrl\":\"http:\/\/aux-gouts-des-saisons.fr\/wp-content\/uploads\/2020\/02\/Logo-Cyril-Final.png\",\"width\":1194,\"height\":1106,\"caption\":\"Aux Go\u00fbts Des Saisons\"},\"image\":{\"@id\":\"https:\/\/aux-gouts-des-saisons.fr\/#\/schema\/logo\/image\/\"},\"sameAs\":[\"https:\/\/www.facebook.com\/profile.php?id=100049409084156\"]}]}<\/script>\n<!-- \/ Yoast SEO plugin. -->","yoast_head_json":{"title":"Location Vaisselle - Aux Go\u00fbts Des Saisons","robots":{"index":"index","follow":"follow","max-snippet":"max-snippet:-1","max-image-preview":"max-image-preview:large","max-video-preview":"max-video-preview:-1"},"canonical":"https:\/\/aux-gouts-des-saisons.fr\/index.php\/location_vaisselle\/","og_locale":"fr_FR","og_type":"article","og_title":"Location Vaisselle - Aux Go\u00fbts Des Saisons","og_description":"Pour faire de vos \u00e9v\u00e8nements un moment inoubliable, pensez \u00e0 nous r\u00e9server la vaisselle pour embellir vos tables. Retrouvez toutes nos informations sur notre flyer \u00e0 t\u00e9l\u00e9charger. A savoir : pour toute location de vaisselle, le devis sera r\u00e9alis\u00e9 au nom de l&rsquo;entreprise \u00ab\u00a0A table, A table, A table\u00a0\u00bb.","og_url":"https:\/\/aux-gouts-des-saisons.fr\/index.php\/location_vaisselle\/","og_site_name":"Aux Go\u00fbts Des Saisons","article_publisher":"https:\/\/www.facebook.com\/profile.php?id=100049409084156","article_modified_time":"2025-10-15T15:00:29+00:00","og_image":[{"url":"https:\/\/aux-gouts-des-saisons.fr\/wp-content\/uploads\/2025\/05\/Logo-Francoise-vaisselle-1024x576.png"}],"twitter_card":"summary_large_image","twitter_misc":{"Dur\u00e9e de lecture estim\u00e9e":"1 minute"},"schema":{"@context":"https:\/\/schema.org","@graph":[{"@type":"WebPage","@id":"https:\/\/aux-gouts-des-saisons.fr\/index.php\/location_vaisselle\/","url":"https:\/\/aux-gouts-des-saisons.fr\/index.php\/location_vaisselle\/","name":"Location Vaisselle - Aux Go\u00fbts Des Saisons","isPartOf":{"@id":"https:\/\/aux-gouts-des-saisons.fr\/#website"},"primaryImageOfPage":{"@id":"https:\/\/aux-gouts-des-saisons.fr\/index.php\/location_vaisselle\/#primaryimage"},"image":{"@id":"https:\/\/aux-gouts-des-saisons.fr\/index.php\/location_vaisselle\/#primaryimage"},"thumbnailUrl":"https:\/\/aux-gouts-des-saisons.fr\/wp-content\/uploads\/2025\/05\/Logo-Francoise-vaisselle-1024x576.png","datePublished":"2020-01-21T10:23:11+00:00","dateModified":"2025-10-15T15:00:29+00:00","breadcrumb":{"@id":"https:\/\/aux-gouts-des-saisons.fr\/index.php\/location_vaisselle\/#breadcrumb"},"inLanguage":"fr-FR","potentialAction":[{"@type":"ReadAction","target":["https:\/\/aux-gouts-des-saisons.fr\/index.php\/location_vaisselle\/"]}]},{"@type":"ImageObject","inLanguage":"fr-FR","@id":"https:\/\/aux-gouts-des-saisons.fr\/index.php\/location_vaisselle\/#primaryimage","url":"https:\/\/aux-gouts-des-saisons.fr\/wp-content\/uploads\/2025\/05\/Logo-Francoise-vaisselle.png","contentUrl":"https:\/\/aux-gouts-des-saisons.fr\/wp-content\/uploads\/2025\/05\/Logo-Francoise-vaisselle.png","width":1366,"height":768},{"@type":"BreadcrumbList","@id":"https:\/\/aux-gouts-des-saisons.fr\/index.php\/location_vaisselle\/#breadcrumb","itemListElement":[{"@type":"ListItem","position":1,"name":"Accueil","item":"https:\/\/aux-gouts-des-saisons.fr\/"},{"@type":"ListItem","position":2,"name":"Location Vaisselle"}]},{"@type":"WebSite","@id":"https:\/\/aux-gouts-des-saisons.fr\/#website","url":"https:\/\/aux-gouts-des-saisons.fr\/","name":"Aux Go\u00fbts Des Saisons","description":"","publisher":{"@id":"https:\/\/aux-gouts-des-saisons.fr\/#organization"},"potentialAction":[{"@type":"SearchAction","target":{"@type":"EntryPoint","urlTemplate":"https:\/\/aux-gouts-des-saisons.fr\/?s={search_term_string}"},"query-input":"required name=search_term_string"}],"inLanguage":"fr-FR"},{"@type":"Organization","@id":"https:\/\/aux-gouts-des-saisons.fr\/#organization","name":"Aux Go\u00fbts Des Saisons","url":"https:\/\/aux-gouts-des-saisons.fr\/","logo":{"@type":"ImageObject","inLanguage":"fr-FR","@id":"https:\/\/aux-gouts-des-saisons.fr\/#\/schema\/logo\/image\/","url":"http:\/\/aux-gouts-des-saisons.fr\/wp-content\/uploads\/2020\/02\/Logo-Cyril-Final.png","contentUrl":"http:\/\/aux-gouts-des-saisons.fr\/wp-content\/uploads\/2020\/02\/Logo-Cyril-Final.png","width":1194,"height":1106,"caption":"Aux Go\u00fbts Des Saisons"},"image":{"@id":"https:\/\/aux-gouts-des-saisons.fr\/#\/schema\/logo\/image\/"},"sameAs":["https:\/\/www.facebook.com\/profile.php?id=100049409084156"]}]}},"_links":{"self":[{"href":"https:\/\/aux-gouts-des-saisons.fr\/index.php\/wp-json\/wp\/v2\/pages\/36","targetHints":{"allow":["GET"]}}],"collection":[{"href":"https:\/\/aux-gouts-des-saisons.fr\/index.php\/wp-json\/wp\/v2\/pages"}],"about":[{"href":"https:\/\/aux-gouts-des-saisons.fr\/index.php\/wp-json\/wp\/v2\/types\/page"}],"author":[{"embeddable":true,"href":"https:\/\/aux-gouts-des-saisons.fr\/index.php\/wp-json\/wp\/v2\/users\/1"}],"replies":[{"embeddable":true,"href":"https:\/\/aux-gouts-des-saisons.fr\/index.php\/wp-json\/wp\/v2\/comments?post=36"}],"version-history":[{"count":33,"href":"https:\/\/aux-gouts-des-saisons.fr\/index.php\/wp-json\/wp\/v2\/pages\/36\/revisions"}],"predecessor-version":[{"id":1311,"href":"https:\/\/aux-gouts-des-saisons.fr\/index.php\/wp-json\/wp\/v2\/pages\/36\/revisions\/1311"}],"wp:attachment":[{"href":"https:\/\/aux-gouts-des-saisons.fr\/index.php\/wp-json\/wp\/v2\/media?parent=36"}],"curies":[{"name":"wp","href":"https:\/\/api.w.org\/{rel}","templated":true}]}}