{"id":42,"date":"2020-01-21T11:23:58","date_gmt":"2020-01-21T10:23:58","guid":{"rendered":"http:\/\/aux-gouts-des-saisons.fr\/InstallSite\/?page_id=42"},"modified":"2025-11-26T16:16:41","modified_gmt":"2025-11-26T15:16:41","slug":"mes-plats-speciaux","status":"publish","type":"page","link":"https:\/\/aux-gouts-des-saisons.fr\/index.php\/mes-plats-speciaux\/","title":{"rendered":"Mes plats sp\u00e9ciaux"},"content":{"rendered":"\n<hr class=\"wp-block-separator has-css-opacity\"\/>\n\n\n\n<div class=\"wp-block-media-text alignwide has-media-on-the-right is-stacked-on-mobile\" style=\"grid-template-columns:auto 30%\"><div class=\"wp-block-media-text__content\">\n<div class=\"wp-block-group\"><div class=\"wp-block-group__inner-container is-layout-flow wp-block-group-is-layout-flow\">\n<p><strong>Retrouvez aussi mes plats sp\u00e9ciaux en version pdf<\/strong> :<\/p>\n<\/div><\/div>\n\n\n\n<div class=\"wp-block-buttons is-layout-flex wp-block-buttons-is-layout-flex\">\n<div class=\"wp-block-button is-style-fill\"><a class=\"wp-block-button__link has-light-green-cyan-to-vivid-green-cyan-gradient-background has-background wp-element-button\" href=\"https:\/\/aux-gouts-des-saisons.fr\/wp-content\/uploads\/2025\/11\/Carte-Aux-Gouts-des-Saisons.pdf\" style=\"border-radius:7px\" target=\"_blank\" rel=\"noreferrer noopener\">T\u00e9l\u00e9charger ma carte<\/a><\/div>\n\n\n<\/div>\n\n\n\n<p><\/p>\n\n\n\n<p><em>A partir de ma carte, composez votre menu unique pour vos convives (<strong>minimum 10 personnes)<\/strong><\/em><\/p>\n<\/div><figure class=\"wp-block-media-text__media\"><img loading=\"lazy\" decoding=\"async\" width=\"766\" height=\"1024\" src=\"https:\/\/aux-gouts-des-saisons.fr\/wp-content\/uploads\/2023\/07\/IMG_20220603_114722-766x1024.jpg\" alt=\"\" class=\"wp-image-938 size-full\" srcset=\"https:\/\/aux-gouts-des-saisons.fr\/wp-content\/uploads\/2023\/07\/IMG_20220603_114722-766x1024.jpg 766w, https:\/\/aux-gouts-des-saisons.fr\/wp-content\/uploads\/2023\/07\/IMG_20220603_114722-224x300.jpg 224w, https:\/\/aux-gouts-des-saisons.fr\/wp-content\/uploads\/2023\/07\/IMG_20220603_114722-768x1026.jpg 768w, https:\/\/aux-gouts-des-saisons.fr\/wp-content\/uploads\/2023\/07\/IMG_20220603_114722-1149x1536.jpg 1149w, https:\/\/aux-gouts-des-saisons.fr\/wp-content\/uploads\/2023\/07\/IMG_20220603_114722-1532x2048.jpg 1532w, https:\/\/aux-gouts-des-saisons.fr\/wp-content\/uploads\/2023\/07\/IMG_20220603_114722-1140x1524.jpg 1140w, https:\/\/aux-gouts-des-saisons.fr\/wp-content\/uploads\/2023\/07\/IMG_20220603_114722-scaled.jpg 1916w\" sizes=\"auto, (max-width: 766px) 100vw, 766px\" \/><\/figure><\/div>\n\n\n\n<div style=\"height:50px\" aria-hidden=\"true\" class=\"wp-block-spacer\"><\/div>\n\n\n\n<h4 class=\"wp-block-heading has-vivid-green-cyan-color has-text-color\">Mes sp\u00e9cialit\u00e9s<\/h4>\n\n\n\n<figure class=\"wp-block-table is-style-stripes\"><table><tbody><tr><td>&#8211; Jambon \u00e0 l&rsquo;os \u00e0 la broche &#8211; <strong>Min 40 personnes<\/strong> (uniquement \u00e0 emporter)<\/td><td class=\"has-text-align-center\" data-align=\"center\"><strong>10.80\u20ac<\/strong><\/td><\/tr><tr><td>&#8211; Cochon farci \u00e0 la broche &#8211; <strong>Min 50 personnes<\/strong> (uniquement \u00e0 emporter)<\/td><td class=\"has-text-align-center\" data-align=\"center\"><strong>15 \u20ac<\/strong><\/td><\/tr><tr><td>&#8211; Brasero &#8211; <strong>Min 40 personnes<\/strong><br> Au choix 200g par personne<br> 300g par personne<br>( Suggestions : B\u0153uf marin\u00e9 paprika, araign\u00e9e veau \u00e0 l&rsquo;orange, brochette volaille, encornet persill\u00e9, crevettes flamb\u00e9e, escargots, cabillaud). Accompagnements inclus<br><strong>La prestation sur place inclus un suppl\u00e9ment de 150\u20ac pour le bois, le mat\u00e9riel et la main d&rsquo;oeuvre<\/strong><\/td><td class=\"has-text-align-center\" data-align=\"center\"><strong>25 \u20ac<br>30 \u20ac<\/strong><br><\/td><\/tr><tr><td>&#8211; Choucroute de la mer (peut varier)<br><em>(Choux, pomme de terre, saumon, saumon fum\u00e9, merlu, haddock, crevettes roses, moules, sauce senteurs des mers)<\/em><\/td><td class=\"has-text-align-center\" data-align=\"center\"><strong>20.40\u20ac<\/strong><\/td><\/tr><\/tbody><\/table><\/figure>\n\n\n\n<hr class=\"wp-block-separator has-text-color has-very-dark-gray-color has-css-opacity has-very-dark-gray-background-color has-background is-style-dots\"\/>\n\n\n\n<h4 class=\"wp-block-heading has-vivid-green-cyan-color has-text-color\">Plats Traditionnels &#8211; Soir\u00e9es \u00e0 th\u00e8mes<\/h4>\n\n\n\n<figure class=\"wp-block-table is-style-stripes\"><table><tbody><tr><td>&#8211; Coq au vin pomme anglaise<\/td><td class=\"has-text-align-right\" data-align=\"right\"><strong>7,20 \u20ac<\/strong><\/td><\/tr><tr><td>&#8211; Blanquette de volaille<\/td><td class=\"has-text-align-right\" data-align=\"right\"><strong>7,20 \u20ac<\/strong><\/td><\/tr><tr><td>&#8211; Estouffade de b\u0153uf<\/td><td class=\"has-text-align-right\" data-align=\"right\"><strong>8,40 \u20ac<\/strong><\/td><\/tr><tr><td>&#8211; Chili con carne<\/td><td class=\"has-text-align-right\" data-align=\"right\"><strong>9,60 \u20ac<\/strong><\/td><\/tr><tr><td>&#8211; Blanquette de veau \u00e0 l&rsquo;ancienne<\/td><td class=\"has-text-align-right\" data-align=\"right\"><strong>10,20 \u20ac<\/strong><\/td><\/tr><tr><td>&#8211; Goulash \u00e0 la Hongroise<\/td><td class=\"has-text-align-right\" data-align=\"right\"><strong><strong>10,80 \u20ac<\/strong><\/strong><\/td><\/tr><tr><td>&#8211; Saut\u00e9 de veau Marengo<\/td><td class=\"has-text-align-right\" data-align=\"right\"><strong>10,80 \u20ac<\/strong><\/td><\/tr><tr><td>&#8211; Pa\u00eblla<\/td><td class=\"has-text-align-right\" data-align=\"right\"><strong>9,60 <strong>\u20ac<\/strong><\/strong><\/td><\/tr><tr><td>&#8211; Civet de joue de b\u0153uf fa\u00e7on \u00ab\u00a0Veneur\u00a0\u00bb<\/td><td class=\"has-text-align-right\" data-align=\"right\"><strong>10,80 \u20ac<\/strong><\/td><\/tr><tr><td>&#8211; Jambalaya comme \u00e0 la Nouvelle Orl\u00e9ans<\/td><td class=\"has-text-align-right\" data-align=\"right\"><strong>12,00 \u20ac<\/strong><\/td><\/tr><tr><td>&#8211; Rougaille Saucisse<\/td><td class=\"has-text-align-right\" data-align=\"right\"><strong>8,00 \u20ac<\/strong><\/td><\/tr><tr><td>-Tartiflette<\/td><td class=\"has-text-align-right\" data-align=\"right\"><strong>7,00 \u20ac<\/strong><\/td><\/tr><\/tbody><\/table><\/figure>\n\n\n\n<p><strong><em>Tous nos plats sont accompagn\u00e9s d&rsquo;une garniture de saison. <\/em><\/strong><\/p>\n\n\n\n<hr class=\"wp-block-separator has-text-color has-very-dark-gray-color has-css-opacity has-very-dark-gray-background-color has-background is-style-dots\"\/>\n\n\n\n<h4 class=\"wp-block-heading has-vivid-green-cyan-color has-text-color\">Buffet Campagnard<\/h4>\n\n\n\n<figure class=\"wp-block-table is-style-stripes\"><table><tbody><tr><td>Formule buffet campagnard inclus : <\/td><td class=\"has-text-align-right\" data-align=\"right\"><strong>12,00 \u20ac<\/strong><\/td><\/tr><tr><td>&#8211; 1 jambon cru<br>&#8211; 1 p\u00e2t\u00e9 maison <\/td><td class=\"has-text-align-right\" data-align=\"right\"><\/td><\/tr><tr><td>Salades compos\u00e9es au choix <em><span style=\"background-color:rgba(0, 0, 0, 0)\" class=\"has-inline-color has-vivid-green-cyan-color\"> (2 salades \/ 200g par personne)<\/span><\/em> : <\/td><td class=\"has-text-align-right\" data-align=\"right\"><\/td><\/tr><tr><td>Viandes froides (1 tranche de r\u00f4ti de porc, 2 tranches fines de r\u00f4ti de b\u0153uf ) condiments non inclus<\/td><td class=\"has-text-align-right\" data-align=\"right\"><br><\/td><\/tr><tr><td>Mogette de Sainte C\u00e9cile<\/td><td class=\"has-text-align-right\" data-align=\"right\"><\/td><\/tr><tr><td>Fromage (2 par personne)<\/td><td class=\"has-text-align-right\" data-align=\"right\"><\/td><\/tr><tr><td>Dessert au choix : <br>             Fromage blanc fruits rouges<br>             Mousse au chocolat<br>             Grill\u00e9e aux pommes<\/td><td class=\"has-text-align-right\" data-align=\"right\"><\/td><\/tr><tr><td>Suppl\u00e9ment Chips par personne<\/td><td class=\"has-text-align-right\" data-align=\"right\"><strong>0,50\u20ac<\/strong><\/td><\/tr><tr><td><strong>Suppl\u00e9ment condiment au choix par personne<br><\/strong><mark style=\"background-color:rgba(0, 0, 0, 0)\" class=\"has-inline-color has-black-color\"> Cornichons<br> Moutarde<br> Mayonnaise <br> Sauce tartare maison<\/mark><\/td><td class=\"has-text-align-right\" data-align=\"right\"><strong>1 \u20ac<\/strong><\/td><\/tr><\/tbody><\/table><\/figure>\n\n\n\n<div style=\"height:50px\" aria-hidden=\"true\" class=\"wp-block-spacer\"><\/div>\n\n\n\n<p class=\"has-text-align-right\"><em>Prix en vigueur octobre 2025<br>Tarifs par personne TTC<\/em><\/p>\n","protected":false},"excerpt":{"rendered":"<p>Mes sp\u00e9cialit\u00e9s &#8211; Jambon \u00e0 l&rsquo;os \u00e0 la broche &#8211; Min 40 personnes (uniquement \u00e0 emporter) 10.80\u20ac &#8211; Cochon farci \u00e0 la broche &#8211; Min 50 personnes (uniquement \u00e0 emporter) 15 \u20ac &#8211; Brasero &#8211; Min 40 personnes Au choix 200g par personne 300g par personne( Suggestions : B\u0153uf marin\u00e9 paprika, araign\u00e9e veau \u00e0 l&rsquo;orange, brochette volaille, encornet persill\u00e9, crevettes flamb\u00e9e, escargots, cabillaud). Accompagnements inclusLa prestation sur place inclus un suppl\u00e9ment de 150\u20ac pour le bois, le mat\u00e9riel et la main d&rsquo;oeuvre 25 \u20ac30 \u20ac &#8211; Choucroute de la mer (peut varier)(Choux, pomme de terre, saumon, saumon fum\u00e9, merlu, haddock, crevettes roses, moules, sauce senteurs des mers) 20.40\u20ac Plats Traditionnels &#8211; Soir\u00e9es \u00e0 th\u00e8mes &#8211; Coq au vin pomme anglaise 7,20 \u20ac &#8211; Blanquette de volaille 7,20 \u20ac &#8211; Estouffade de b\u0153uf 8,40 \u20ac &#8211; Chili con carne 9,60 \u20ac &#8211; Blanquette de veau \u00e0 l&rsquo;ancienne 10,20 \u20ac &#8211; Goulash \u00e0 la Hongroise 10,80 \u20ac &#8211; Saut\u00e9 de veau Marengo 10,80 \u20ac &#8211; Pa\u00eblla 9,60 \u20ac &#8211; Civet de joue de b\u0153uf fa\u00e7on \u00ab\u00a0Veneur\u00a0\u00bb 10,80 \u20ac &#8211; Jambalaya comme \u00e0 la Nouvelle Orl\u00e9ans 12,00 \u20ac &#8211; Rougaille Saucisse 8,00 \u20ac -Tartiflette 7,00 \u20ac Tous nos plats sont accompagn\u00e9s d&rsquo;une garniture de saison. Buffet Campagnard Formule buffet campagnard inclus : 12,00 \u20ac &#8211; 1 jambon cru&#8211; 1 p\u00e2t\u00e9 maison Salades compos\u00e9es au choix (2 salades \/ 200g par personne) : Viandes froides (1 tranche de r\u00f4ti de porc, 2 tranches fines de r\u00f4ti de b\u0153uf ) condiments non inclus Mogette de Sainte C\u00e9cile Fromage (2 par personne) Dessert au choix : Fromage blanc fruits rouges Mousse au chocolat Grill\u00e9e aux pommes Suppl\u00e9ment Chips par personne 0,50\u20ac Suppl\u00e9ment condiment au choix par personne Cornichons Moutarde Mayonnaise Sauce tartare maison 1 \u20ac Prix en vigueur octobre 2025Tarifs par personne TTC<\/p>\n","protected":false},"author":1,"featured_media":0,"parent":0,"menu_order":0,"comment_status":"closed","ping_status":"closed","template":"","meta":{"_themeisle_gutenberg_block_has_review":false,"footnotes":""},"class_list":["post-42","page","type-page","status-publish","hentry"],"yoast_head":"<!-- This site is optimized with the Yoast SEO plugin v22.5 - https:\/\/yoast.com\/wordpress\/plugins\/seo\/ -->\n<title>Mes plats sp\u00e9ciaux - Aux Go\u00fbts Des Saisons<\/title>\n<meta name=\"robots\" content=\"index, follow, max-snippet:-1, max-image-preview:large, max-video-preview:-1\" \/>\n<link rel=\"canonical\" href=\"https:\/\/aux-gouts-des-saisons.fr\/index.php\/mes-plats-speciaux\/\" \/>\n<meta property=\"og:locale\" content=\"fr_FR\" \/>\n<meta property=\"og:type\" content=\"article\" \/>\n<meta property=\"og:title\" content=\"Mes plats sp\u00e9ciaux - Aux Go\u00fbts Des Saisons\" \/>\n<meta property=\"og:description\" content=\"Mes sp\u00e9cialit\u00e9s &#8211; Jambon \u00e0 l&rsquo;os \u00e0 la broche &#8211; Min 40 personnes (uniquement \u00e0 emporter) 10.80\u20ac &#8211; Cochon farci \u00e0 la broche &#8211; Min 50 personnes (uniquement \u00e0 emporter) 15 \u20ac &#8211; Brasero &#8211; Min 40 personnes Au choix 200g par personne 300g par personne( Suggestions : B\u0153uf marin\u00e9 paprika, araign\u00e9e veau \u00e0 l&rsquo;orange, brochette volaille, encornet persill\u00e9, crevettes flamb\u00e9e, escargots, cabillaud). Accompagnements inclusLa prestation sur place inclus un suppl\u00e9ment de 150\u20ac pour le bois, le mat\u00e9riel et la main d&rsquo;oeuvre 25 \u20ac30 \u20ac &#8211; Choucroute de la mer (peut varier)(Choux, pomme de terre, saumon, saumon fum\u00e9, merlu, haddock, crevettes roses, moules, sauce senteurs des mers) 20.40\u20ac Plats Traditionnels &#8211; Soir\u00e9es \u00e0 th\u00e8mes &#8211; Coq au vin pomme anglaise 7,20 \u20ac &#8211; Blanquette de volaille 7,20 \u20ac &#8211; Estouffade de b\u0153uf 8,40 \u20ac &#8211; Chili con carne 9,60 \u20ac &#8211; Blanquette de veau \u00e0 l&rsquo;ancienne 10,20 \u20ac &#8211; Goulash \u00e0 la Hongroise 10,80 \u20ac &#8211; Saut\u00e9 de veau Marengo 10,80 \u20ac &#8211; Pa\u00eblla 9,60 \u20ac &#8211; Civet de joue de b\u0153uf fa\u00e7on \u00ab\u00a0Veneur\u00a0\u00bb 10,80 \u20ac &#8211; Jambalaya comme \u00e0 la Nouvelle Orl\u00e9ans 12,00 \u20ac &#8211; Rougaille Saucisse 8,00 \u20ac -Tartiflette 7,00 \u20ac Tous nos plats sont accompagn\u00e9s d&rsquo;une garniture de saison. Buffet Campagnard Formule buffet campagnard inclus : 12,00 \u20ac &#8211; 1 jambon cru&#8211; 1 p\u00e2t\u00e9 maison Salades compos\u00e9es au choix (2 salades \/ 200g par personne) : Viandes froides (1 tranche de r\u00f4ti de porc, 2 tranches fines de r\u00f4ti de b\u0153uf ) condiments non inclus Mogette de Sainte C\u00e9cile Fromage (2 par personne) Dessert au choix : Fromage blanc fruits rouges Mousse au chocolat Grill\u00e9e aux pommes Suppl\u00e9ment Chips par personne 0,50\u20ac Suppl\u00e9ment condiment au choix par personne Cornichons Moutarde Mayonnaise Sauce tartare maison 1 \u20ac Prix en vigueur octobre 2025Tarifs par personne TTC\" \/>\n<meta property=\"og:url\" content=\"https:\/\/aux-gouts-des-saisons.fr\/index.php\/mes-plats-speciaux\/\" \/>\n<meta property=\"og:site_name\" content=\"Aux Go\u00fbts Des Saisons\" \/>\n<meta property=\"article:publisher\" content=\"https:\/\/www.facebook.com\/profile.php?id=100049409084156\" \/>\n<meta property=\"article:modified_time\" content=\"2025-11-26T15:16:41+00:00\" \/>\n<meta property=\"og:image\" content=\"http:\/\/aux-gouts-des-saisons.fr\/wp-content\/uploads\/2023\/07\/IMG_20220603_114722-766x1024.jpg\" \/>\n<meta name=\"twitter:card\" content=\"summary_large_image\" \/>\n<meta name=\"twitter:label1\" content=\"Dur\u00e9e de lecture estim\u00e9e\" \/>\n\t<meta name=\"twitter:data1\" content=\"2 minutes\" \/>\n<script type=\"application\/ld+json\" class=\"yoast-schema-graph\">{\"@context\":\"https:\/\/schema.org\",\"@graph\":[{\"@type\":\"WebPage\",\"@id\":\"https:\/\/aux-gouts-des-saisons.fr\/index.php\/mes-plats-speciaux\/\",\"url\":\"https:\/\/aux-gouts-des-saisons.fr\/index.php\/mes-plats-speciaux\/\",\"name\":\"Mes plats sp\u00e9ciaux - Aux Go\u00fbts Des Saisons\",\"isPartOf\":{\"@id\":\"https:\/\/aux-gouts-des-saisons.fr\/#website\"},\"primaryImageOfPage\":{\"@id\":\"https:\/\/aux-gouts-des-saisons.fr\/index.php\/mes-plats-speciaux\/#primaryimage\"},\"image\":{\"@id\":\"https:\/\/aux-gouts-des-saisons.fr\/index.php\/mes-plats-speciaux\/#primaryimage\"},\"thumbnailUrl\":\"http:\/\/aux-gouts-des-saisons.fr\/wp-content\/uploads\/2023\/07\/IMG_20220603_114722-766x1024.jpg\",\"datePublished\":\"2020-01-21T10:23:58+00:00\",\"dateModified\":\"2025-11-26T15:16:41+00:00\",\"breadcrumb\":{\"@id\":\"https:\/\/aux-gouts-des-saisons.fr\/index.php\/mes-plats-speciaux\/#breadcrumb\"},\"inLanguage\":\"fr-FR\",\"potentialAction\":[{\"@type\":\"ReadAction\",\"target\":[\"https:\/\/aux-gouts-des-saisons.fr\/index.php\/mes-plats-speciaux\/\"]}]},{\"@type\":\"ImageObject\",\"inLanguage\":\"fr-FR\",\"@id\":\"https:\/\/aux-gouts-des-saisons.fr\/index.php\/mes-plats-speciaux\/#primaryimage\",\"url\":\"http:\/\/aux-gouts-des-saisons.fr\/wp-content\/uploads\/2023\/07\/IMG_20220603_114722-766x1024.jpg\",\"contentUrl\":\"http:\/\/aux-gouts-des-saisons.fr\/wp-content\/uploads\/2023\/07\/IMG_20220603_114722-766x1024.jpg\"},{\"@type\":\"BreadcrumbList\",\"@id\":\"https:\/\/aux-gouts-des-saisons.fr\/index.php\/mes-plats-speciaux\/#breadcrumb\",\"itemListElement\":[{\"@type\":\"ListItem\",\"position\":1,\"name\":\"Accueil\",\"item\":\"https:\/\/aux-gouts-des-saisons.fr\/\"},{\"@type\":\"ListItem\",\"position\":2,\"name\":\"Mes plats sp\u00e9ciaux\"}]},{\"@type\":\"WebSite\",\"@id\":\"https:\/\/aux-gouts-des-saisons.fr\/#website\",\"url\":\"https:\/\/aux-gouts-des-saisons.fr\/\",\"name\":\"Aux Go\u00fbts Des Saisons\",\"description\":\"\",\"publisher\":{\"@id\":\"https:\/\/aux-gouts-des-saisons.fr\/#organization\"},\"potentialAction\":[{\"@type\":\"SearchAction\",\"target\":{\"@type\":\"EntryPoint\",\"urlTemplate\":\"https:\/\/aux-gouts-des-saisons.fr\/?s={search_term_string}\"},\"query-input\":\"required name=search_term_string\"}],\"inLanguage\":\"fr-FR\"},{\"@type\":\"Organization\",\"@id\":\"https:\/\/aux-gouts-des-saisons.fr\/#organization\",\"name\":\"Aux Go\u00fbts Des Saisons\",\"url\":\"https:\/\/aux-gouts-des-saisons.fr\/\",\"logo\":{\"@type\":\"ImageObject\",\"inLanguage\":\"fr-FR\",\"@id\":\"https:\/\/aux-gouts-des-saisons.fr\/#\/schema\/logo\/image\/\",\"url\":\"http:\/\/aux-gouts-des-saisons.fr\/wp-content\/uploads\/2020\/02\/Logo-Cyril-Final.png\",\"contentUrl\":\"http:\/\/aux-gouts-des-saisons.fr\/wp-content\/uploads\/2020\/02\/Logo-Cyril-Final.png\",\"width\":1194,\"height\":1106,\"caption\":\"Aux Go\u00fbts Des Saisons\"},\"image\":{\"@id\":\"https:\/\/aux-gouts-des-saisons.fr\/#\/schema\/logo\/image\/\"},\"sameAs\":[\"https:\/\/www.facebook.com\/profile.php?id=100049409084156\"]}]}<\/script>\n<!-- \/ Yoast SEO plugin. -->","yoast_head_json":{"title":"Mes plats sp\u00e9ciaux - Aux Go\u00fbts Des Saisons","robots":{"index":"index","follow":"follow","max-snippet":"max-snippet:-1","max-image-preview":"max-image-preview:large","max-video-preview":"max-video-preview:-1"},"canonical":"https:\/\/aux-gouts-des-saisons.fr\/index.php\/mes-plats-speciaux\/","og_locale":"fr_FR","og_type":"article","og_title":"Mes plats sp\u00e9ciaux - Aux Go\u00fbts Des Saisons","og_description":"Mes sp\u00e9cialit\u00e9s &#8211; Jambon \u00e0 l&rsquo;os \u00e0 la broche &#8211; Min 40 personnes (uniquement \u00e0 emporter) 10.80\u20ac &#8211; Cochon farci \u00e0 la broche &#8211; Min 50 personnes (uniquement \u00e0 emporter) 15 \u20ac &#8211; Brasero &#8211; Min 40 personnes Au choix 200g par personne 300g par personne( Suggestions : B\u0153uf marin\u00e9 paprika, araign\u00e9e veau \u00e0 l&rsquo;orange, brochette volaille, encornet persill\u00e9, crevettes flamb\u00e9e, escargots, cabillaud). Accompagnements inclusLa prestation sur place inclus un suppl\u00e9ment de 150\u20ac pour le bois, le mat\u00e9riel et la main d&rsquo;oeuvre 25 \u20ac30 \u20ac &#8211; Choucroute de la mer (peut varier)(Choux, pomme de terre, saumon, saumon fum\u00e9, merlu, haddock, crevettes roses, moules, sauce senteurs des mers) 20.40\u20ac Plats Traditionnels &#8211; Soir\u00e9es \u00e0 th\u00e8mes &#8211; Coq au vin pomme anglaise 7,20 \u20ac &#8211; Blanquette de volaille 7,20 \u20ac &#8211; Estouffade de b\u0153uf 8,40 \u20ac &#8211; Chili con carne 9,60 \u20ac &#8211; Blanquette de veau \u00e0 l&rsquo;ancienne 10,20 \u20ac &#8211; Goulash \u00e0 la Hongroise 10,80 \u20ac &#8211; Saut\u00e9 de veau Marengo 10,80 \u20ac &#8211; Pa\u00eblla 9,60 \u20ac &#8211; Civet de joue de b\u0153uf fa\u00e7on \u00ab\u00a0Veneur\u00a0\u00bb 10,80 \u20ac &#8211; Jambalaya comme \u00e0 la Nouvelle Orl\u00e9ans 12,00 \u20ac &#8211; Rougaille Saucisse 8,00 \u20ac -Tartiflette 7,00 \u20ac Tous nos plats sont accompagn\u00e9s d&rsquo;une garniture de saison. Buffet Campagnard Formule buffet campagnard inclus : 12,00 \u20ac &#8211; 1 jambon cru&#8211; 1 p\u00e2t\u00e9 maison Salades compos\u00e9es au choix (2 salades \/ 200g par personne) : Viandes froides (1 tranche de r\u00f4ti de porc, 2 tranches fines de r\u00f4ti de b\u0153uf ) condiments non inclus Mogette de Sainte C\u00e9cile Fromage (2 par personne) Dessert au choix : Fromage blanc fruits rouges Mousse au chocolat Grill\u00e9e aux pommes Suppl\u00e9ment Chips par personne 0,50\u20ac Suppl\u00e9ment condiment au choix par personne Cornichons Moutarde Mayonnaise Sauce tartare maison 1 \u20ac Prix en vigueur octobre 2025Tarifs par personne TTC","og_url":"https:\/\/aux-gouts-des-saisons.fr\/index.php\/mes-plats-speciaux\/","og_site_name":"Aux Go\u00fbts Des Saisons","article_publisher":"https:\/\/www.facebook.com\/profile.php?id=100049409084156","article_modified_time":"2025-11-26T15:16:41+00:00","og_image":[{"url":"http:\/\/aux-gouts-des-saisons.fr\/wp-content\/uploads\/2023\/07\/IMG_20220603_114722-766x1024.jpg"}],"twitter_card":"summary_large_image","twitter_misc":{"Dur\u00e9e de lecture estim\u00e9e":"2 minutes"},"schema":{"@context":"https:\/\/schema.org","@graph":[{"@type":"WebPage","@id":"https:\/\/aux-gouts-des-saisons.fr\/index.php\/mes-plats-speciaux\/","url":"https:\/\/aux-gouts-des-saisons.fr\/index.php\/mes-plats-speciaux\/","name":"Mes plats sp\u00e9ciaux - Aux Go\u00fbts Des Saisons","isPartOf":{"@id":"https:\/\/aux-gouts-des-saisons.fr\/#website"},"primaryImageOfPage":{"@id":"https:\/\/aux-gouts-des-saisons.fr\/index.php\/mes-plats-speciaux\/#primaryimage"},"image":{"@id":"https:\/\/aux-gouts-des-saisons.fr\/index.php\/mes-plats-speciaux\/#primaryimage"},"thumbnailUrl":"http:\/\/aux-gouts-des-saisons.fr\/wp-content\/uploads\/2023\/07\/IMG_20220603_114722-766x1024.jpg","datePublished":"2020-01-21T10:23:58+00:00","dateModified":"2025-11-26T15:16:41+00:00","breadcrumb":{"@id":"https:\/\/aux-gouts-des-saisons.fr\/index.php\/mes-plats-speciaux\/#breadcrumb"},"inLanguage":"fr-FR","potentialAction":[{"@type":"ReadAction","target":["https:\/\/aux-gouts-des-saisons.fr\/index.php\/mes-plats-speciaux\/"]}]},{"@type":"ImageObject","inLanguage":"fr-FR","@id":"https:\/\/aux-gouts-des-saisons.fr\/index.php\/mes-plats-speciaux\/#primaryimage","url":"http:\/\/aux-gouts-des-saisons.fr\/wp-content\/uploads\/2023\/07\/IMG_20220603_114722-766x1024.jpg","contentUrl":"http:\/\/aux-gouts-des-saisons.fr\/wp-content\/uploads\/2023\/07\/IMG_20220603_114722-766x1024.jpg"},{"@type":"BreadcrumbList","@id":"https:\/\/aux-gouts-des-saisons.fr\/index.php\/mes-plats-speciaux\/#breadcrumb","itemListElement":[{"@type":"ListItem","position":1,"name":"Accueil","item":"https:\/\/aux-gouts-des-saisons.fr\/"},{"@type":"ListItem","position":2,"name":"Mes plats sp\u00e9ciaux"}]},{"@type":"WebSite","@id":"https:\/\/aux-gouts-des-saisons.fr\/#website","url":"https:\/\/aux-gouts-des-saisons.fr\/","name":"Aux Go\u00fbts Des Saisons","description":"","publisher":{"@id":"https:\/\/aux-gouts-des-saisons.fr\/#organization"},"potentialAction":[{"@type":"SearchAction","target":{"@type":"EntryPoint","urlTemplate":"https:\/\/aux-gouts-des-saisons.fr\/?s={search_term_string}"},"query-input":"required name=search_term_string"}],"inLanguage":"fr-FR"},{"@type":"Organization","@id":"https:\/\/aux-gouts-des-saisons.fr\/#organization","name":"Aux Go\u00fbts Des Saisons","url":"https:\/\/aux-gouts-des-saisons.fr\/","logo":{"@type":"ImageObject","inLanguage":"fr-FR","@id":"https:\/\/aux-gouts-des-saisons.fr\/#\/schema\/logo\/image\/","url":"http:\/\/aux-gouts-des-saisons.fr\/wp-content\/uploads\/2020\/02\/Logo-Cyril-Final.png","contentUrl":"http:\/\/aux-gouts-des-saisons.fr\/wp-content\/uploads\/2020\/02\/Logo-Cyril-Final.png","width":1194,"height":1106,"caption":"Aux Go\u00fbts Des Saisons"},"image":{"@id":"https:\/\/aux-gouts-des-saisons.fr\/#\/schema\/logo\/image\/"},"sameAs":["https:\/\/www.facebook.com\/profile.php?id=100049409084156"]}]}},"_links":{"self":[{"href":"https:\/\/aux-gouts-des-saisons.fr\/index.php\/wp-json\/wp\/v2\/pages\/42","targetHints":{"allow":["GET"]}}],"collection":[{"href":"https:\/\/aux-gouts-des-saisons.fr\/index.php\/wp-json\/wp\/v2\/pages"}],"about":[{"href":"https:\/\/aux-gouts-des-saisons.fr\/index.php\/wp-json\/wp\/v2\/types\/page"}],"author":[{"embeddable":true,"href":"https:\/\/aux-gouts-des-saisons.fr\/index.php\/wp-json\/wp\/v2\/users\/1"}],"replies":[{"embeddable":true,"href":"https:\/\/aux-gouts-des-saisons.fr\/index.php\/wp-json\/wp\/v2\/comments?post=42"}],"version-history":[{"count":47,"href":"https:\/\/aux-gouts-des-saisons.fr\/index.php\/wp-json\/wp\/v2\/pages\/42\/revisions"}],"predecessor-version":[{"id":1388,"href":"https:\/\/aux-gouts-des-saisons.fr\/index.php\/wp-json\/wp\/v2\/pages\/42\/revisions\/1388"}],"wp:attachment":[{"href":"https:\/\/aux-gouts-des-saisons.fr\/index.php\/wp-json\/wp\/v2\/media?parent=42"}],"curies":[{"name":"wp","href":"https:\/\/api.w.org\/{rel}","templated":true}]}}